{"id":1802,"date":"2021-01-29T14:49:38","date_gmt":"2021-01-29T14:49:38","guid":{"rendered":"https:\/\/fsrgeneeskundevu.nl\/?page_id=1802"},"modified":"2026-03-22T15:33:23","modified_gmt":"2026-03-22T15:33:23","slug":"over-de-fsr","status":"publish","type":"page","link":"https:\/\/fsrgeneeskundevu.nl\/?page_id=1802","title":{"rendered":"Over ons"},"content":{"rendered":"\t\t<div data-elementor-type=\"wp-page\" data-elementor-id=\"1802\" class=\"elementor elementor-1802\" data-elementor-settings=\"[]\">\n\t\t\t\t\t\t<div class=\"elementor-inner\">\n\t\t\t\t\t\t\t<div class=\"elementor-section-wrap\">\n\t\t\t\t\t\t\t<section class=\"elementor-section elementor-top-section elementor-element elementor-element-3657369 elementor-section-boxed elementor-section-height-default elementor-section-height-default\" data-id=\"3657369\" data-element_type=\"section\">\n\t\t\t\t\t\t<div class=\"elementor-container elementor-column-gap-default\">\n\t\t\t\t\t\t\t<div class=\"elementor-row\">\n\t\t\t\t\t<div class=\"elementor-column elementor-col-100 elementor-top-column elementor-element elementor-element-48e55af\" data-id=\"48e55af\" data-element_type=\"column\">\n\t\t\t<div class=\"elementor-column-wrap elementor-element-populated\">\n\t\t\t\t\t\t\t<div class=\"elementor-widget-wrap\">\n\t\t\t\t\t\t<div class=\"elementor-element elementor-element-cee31ec elementor-widget elementor-widget-text-editor\" data-id=\"cee31ec\" data-element_type=\"widget\" data-widget_type=\"text-editor.default\">\n\t\t\t\t<div class=\"elementor-widget-container\">\n\t\t\t\t\t<div class=\"elementor-text-editor elementor-clearfix\"><p><span style=\"text-decoration: underline;\">Wie zijn wij?<\/span><\/p>\n<p><span style=\"font-weight: 400;\">De Facultaire Studentenraad Geneeskunde VU (FSR) is een medezeggenschapsorgaan. Deze is opgezet door en voor de geneeskundestudenten aan de Vrije Universiteit Amsterdam. Wij zijn de vertegenwoordigers van alle medische studenten. We zorgen ervoor dat de medische studenten gehoord worden en er actie wordt ondernomen. Zo hebben wij instemmings- en adviesrecht. Hiermee kunnen wij advies geven op het onderwijsbeleid en de begroting van de opleiding. <\/span><\/p>\n<p><span style=\"text-decoration: underline;\">Wat doen wij precies?<\/span><\/p>\n<p><span style=\"font-weight: 400;\">Wij voeren als studentenraad wekelijkse overleggen met o.a. programmaleiders van de bachelor (Jack van Horssen) en master (Hester Daelmans), de decaan (Saskia Peerdeman) en de vice-decaan (<\/span>Martine De Bruijne<span style=\"font-style: inherit; color: var( --e-global-color-text ); font-family: var( --e-global-typography-text-font-family ), Sans-serif;\">). Daarnaast houden we ook nauw contact met andere studentenorganisaties, zoals het JVB, MFVU, de opleidingscommissie en andere medische faculteiten in Nederland. Hierbij kunnen we goed communiceren over hoe iedereen bijvoorbeeld een bepaald probleem aanpakt. Uiteindelijk is het doel dat we het onderwijs verbeteren in samenwerking met de opleiding en de faculteit, en niet te vergeten de medestudenten zelf. Jullie kunnen ons namelijk altijd benaderen via de mail, instagram, facebook of op campus. Dit kan gaan over klachten of problemen over het onderwijs, maar ook wat er wel goed gaat in het onderwijs. Wij kunnen dit vervolgens snel communiceren naar de opleiding om zo snel mogelijk een oplossing te vinden. Als laatst organiseren wij ook veel evenementen voor onze medestudenten. Denk bijvoorbeeld aan webinars over effectief leren, het VGT oefenmoment, Meet de Co en het bachelor- en masterforum.<\/span><\/p>\n<p><span style=\"text-decoration: underline;\">Hoe ziet een typische week er voor ons uit?&nbsp;<br><\/span><\/p>\n<p>Over het algemeen hebben we rond de 3-4 vergadering per week. Hieronder kan je een overzicht vinden van een typische week voor ons!<\/p><\/div>\n\t\t\t\t<\/div>\n\t\t\t\t<\/div>\n\t\t\t\t<div class=\"elementor-element elementor-element-704a73f elementor-widget elementor-widget-image\" data-id=\"704a73f\" data-element_type=\"widget\" data-widget_type=\"image.default\">\n\t\t\t\t<div class=\"elementor-widget-container\">\n\t\t\t\t\t<div class=\"elementor-image\">\n\t\t\t\t\t\t\t\t\t\t<img loading=\"lazy\" decoding=\"async\" width=\"812\" height=\"207\" src=\"https:\/\/fsrgeneeskundevu.nl\/wp-content\/uploads\/2025\/01\/IMG_5433-e1738278644433-1024x261.png\" class=\"attachment-large size-large\" alt=\"\" srcset=\"https:\/\/fsrgeneeskundevu.nl\/wp-content\/uploads\/2025\/01\/IMG_5433-e1738278644433-1024x261.png 1024w, https:\/\/fsrgeneeskundevu.nl\/wp-content\/uploads\/2025\/01\/IMG_5433-e1738278644433-300x77.png 300w, https:\/\/fsrgeneeskundevu.nl\/wp-content\/uploads\/2025\/01\/IMG_5433-e1738278644433-768x196.png 768w, https:\/\/fsrgeneeskundevu.nl\/wp-content\/uploads\/2025\/01\/IMG_5433-e1738278644433-1536x392.png 1536w, https:\/\/fsrgeneeskundevu.nl\/wp-content\/uploads\/2025\/01\/IMG_5433-e1738278644433.png 1818w\" sizes=\"(max-width: 812px) 100vw, 812px\" \/>\t\t\t\t\t\t\t\t\t\t\t<\/div>\n\t\t\t\t<\/div>\n\t\t\t\t<\/div>\n\t\t\t\t<div class=\"elementor-element elementor-element-b91a569 elementor-widget elementor-widget-text-editor\" data-id=\"b91a569\" data-element_type=\"widget\" data-widget_type=\"text-editor.default\">\n\t\t\t\t<div class=\"elementor-widget-container\">\n\t\t\t\t\t<div class=\"elementor-text-editor elementor-clearfix\"><p><span style=\"text-decoration: underline;\">Wie zitten er in de raad en wat zijn onze functies? <\/span><\/p>\n<p>Wij bestaan uit zeven leden:<br>Anna Doczuminska &#8211; Voorzitter<br>Manera Hirsi &#8211; Vicevoorzitter<br>Sapna Safi &#8211; Secretaris<br>Hadi Aziz &#8211; Bachelorco\u00f6rdinator<br>Fransisco Reis Garcia Gomes &#8211; Masterco\u00f6rdinator <br>Julia van Diemen &#8211; Commissaris Alliantie en Financi\u00ebn<br>Abdallah Hafez &#8211; Commissaris Externus&nbsp;<\/p>\n<p>Klik <a href=\"https:\/\/fsrgeneeskundevu.nl\/?page_id=1293\" target=\"_blank\" rel=\"noopener\">hier<\/a> voor meer informatie!&nbsp;<\/p>\n<p><span style=\"text-decoration: underline;\">Waar kan je ons vinden?<\/span><br>Onze FSR kamer vestigt zich in het ziekenhuis tegenover de medische bibliotheek. Schroom dus vooral niet om even een keer langs te komen na je hoorcollege. Ook kan je hier altijd je vragen kwijt!.&nbsp;<\/p><\/div>\n\t\t\t\t<\/div>\n\t\t\t\t<\/div>\n\t\t\t\t\t\t<\/div>\n\t\t\t\t\t<\/div>\n\t\t<\/div>\n\t\t\t\t\t\t\t\t<\/div>\n\t\t\t\t\t<\/div>\n\t\t<\/section>\n\t\t\t\t\t\t<\/div>\n\t\t\t\t\t\t<\/div>\n\t\t\t\t\t<\/div>\n\t\t","protected":false},"excerpt":{"rendered":"<p>Wie zijn wij? De Facultaire Studentenraad Geneeskunde VU (FSR) is een medezeggenschapsorgaan. Deze is opgezet door en voor de geneeskundestudenten aan de Vrije Universiteit Amsterdam. Wij zijn de vertegenwoordigers van alle medische studenten. We zorgen ervoor dat de medische studenten gehoord worden en er actie wordt ondernomen. Zo hebben wij instemmings- en adviesrecht. Hiermee kunnen [&hellip;]<\/p>\n","protected":false},"author":1,"featured_media":0,"parent":0,"menu_order":0,"comment_status":"closed","ping_status":"closed","template":"","meta":{"footnotes":""},"_links":{"self":[{"href":"https:\/\/fsrgeneeskundevu.nl\/index.php?rest_route=\/wp\/v2\/pages\/1802"}],"collection":[{"href":"https:\/\/fsrgeneeskundevu.nl\/index.php?rest_route=\/wp\/v2\/pages"}],"about":[{"href":"https:\/\/fsrgeneeskundevu.nl\/index.php?rest_route=\/wp\/v2\/types\/page"}],"author":[{"embeddable":true,"href":"https:\/\/fsrgeneeskundevu.nl\/index.php?rest_route=\/wp\/v2\/users\/1"}],"replies":[{"embeddable":true,"href":"https:\/\/fsrgeneeskundevu.nl\/index.php?rest_route=%2Fwp%2Fv2%2Fcomments&post=1802"}],"version-history":[{"count":39,"href":"https:\/\/fsrgeneeskundevu.nl\/index.php?rest_route=\/wp\/v2\/pages\/1802\/revisions"}],"predecessor-version":[{"id":4541,"href":"https:\/\/fsrgeneeskundevu.nl\/index.php?rest_route=\/wp\/v2\/pages\/1802\/revisions\/4541"}],"wp:attachment":[{"href":"https:\/\/fsrgeneeskundevu.nl\/index.php?rest_route=%2Fwp%2Fv2%2Fmedia&parent=1802"}],"curies":[{"name":"wp","href":"https:\/\/api.w.org\/{rel}","templated":true}]}}